{"id":8917,"date":"2017-04-18T16:45:14","date_gmt":"2017-04-18T14:45:14","guid":{"rendered":"http:\/\/wolkesiebenberlin.de\/?page_id=8917"},"modified":"2025-03-31T11:25:32","modified_gmt":"2025-03-31T09:25:32","slug":"impressum","status":"publish","type":"page","link":"https:\/\/bmbgruppe.de\/wolkesieben\/impressum\/","title":{"rendered":"Impressum"},"content":{"rendered":"<div class=\"wpb-content-wrapper\"><p>[vc_row css=&#8220;.vc_custom_1488274354243{padding-bottom: 55px !important;}&#8220;][vc_column width=&#8220;1\/4&#8243;][\/vc_column][vc_column width=&#8220;1\/2&#8243;][vc_empty_space height=&#8220;20px&#8220;][vc_column_text]<br class=\"clear\" \/><br class=\"clear\" \/><br class=\"clear\" \/><br class=\"clear\" \/><\/p>\n<h3 class=\"fusion-title title fusion-title-size-two\" style=\"color: #444444;\"><\/h3>\n<h3 class=\"fusion-title title fusion-title-size-two\" style=\"color: #444444;\"><\/h3>\n<h4 class=\"fusion-title title fusion-title-size-two\" style=\"color: #444444;\"><span style=\"color: #444444;\">IMPRESSUM:<\/span><\/h4>\n<div class=\"fusion-title title fusion-title-size-two\" style=\"color: #444444;\"><\/div>\n<p style=\"color: #444444;\">Angaben gem. \u00a7 5 TMG<\/p>\n<p style=\"color: #444444;\"><b>Betreiber und Vertretung:<\/b><\/p>\n<p>BMB SpreeCafe GmbH<br \/>\nAnna-Louisa-Karsch-Str. 2,<br \/>\n10178 Berlin<\/p>\n<p>info@wolkesiebenberlin.de<\/p>\n<p>Gesch\u00e4ftsf\u00fchrung:<br \/>\nMirko Alexander Nikolitsch<\/p>\n<p style=\"color: #444444;\"><strong>Handelregisternummer:<\/strong><\/p>\n<p>HRB 110885 B des Amtsgerichts Berlin-Charlottenburg<\/p>\n<p>Steuernummer: 37\/037\/47171<\/p>\n<p style=\"color: #444444;\">Verantwortlicher f\u00fcr journalistisch-redaktionelle Inhalte gem. \u00a7 55 II RstV:<br \/>\nBMB SpreeCaf\u00e9 GmbH, Anna-Louisa-Karsch-Str. 2, 10178 Berlin<\/p>\n<p style=\"color: #444444;\"><b>Bilder und Bildrechte:<\/b><\/p>\n<p style=\"color: #444444;\">Alle Abbildungen sind Serviervorschl\u00e4ge. S\u00e4mtliche Bilder obliegen dem Urheberschutz (Wolkenhain &amp; Seilbahn Fotos:\u00a0Dominik Butzmann,\u00a0<a href=\"https:\/\/de.fotolia.com\">fotolia.com<\/a>\u00a0und\u00a0<a href=\"http:\/\/depositphotos.com\">depositphotos.com<\/a>) und d\u00fcrfen nur unter Nennung der Quelle ver\u00f6ffentlicht werden.<\/p>\n<p style=\"color: #444444;\"><b><\/b><strong>Haftung f\u00fcr Inhalte:<\/strong><\/p>\n<p style=\"color: #444444;\">Die Inhalte unserer Seiten wurden mit gr\u00f6\u00dfter Sorgfalt erstellt. F\u00fcr die Richtigkeit, Vollst\u00e4ndigkeit und Aktualit\u00e4t der Inhalte k\u00f6nnen wir jedoch keine Gew\u00e4hr \u00fcbernehmen. Als Diensteanbieter sind wir gem\u00e4\u00df \u00a7 7 Abs.1 TMG f\u00fcr eigene Inhalte auf diesen Seiten nach den allgemeinen Gesetzen verantwortlich. Nach \u00a7\u00a7 8 bis 10 TMG sind wir als Diensteanbieter jedoch nicht verpflichtet, \u00fcbermittelte oder gespeicherte fremde Informationen zu \u00fcberwachen oder nach Umst\u00e4nden zu forschen, die auf eine rechtswidrige T\u00e4tigkeit hinweisen. Verpflichtungen zur Entfernung oder Sperrung der Nutzung von Informationen nach den allgemeinen Gesetzen bleiben hiervon unber\u00fchrt. Eine diesbez\u00fcgliche Haftung ist jedoch erst ab dem Zeitpunkt der Kenntnis einer konkreten Rechtsverletzung m\u00f6glich. Bei Bekanntwerden von entsprechenden Rechtsverletzungen werden wir diese Inhalte umgehend entfernen.<\/p>\n<p style=\"color: #444444;\"><strong>Haftung f\u00fcr Links :<\/strong><\/p>\n<p style=\"color: #444444;\">Unser Angebot enth\u00e4lt Links zu externen Webseiten Dritter, auf deren Inhalte wir keinen Einfluss haben. Deshalb k\u00f6nnen wir f\u00fcr diese fremden Inhalte auch keine Gew\u00e4hr \u00fcbernehmen. F\u00fcr die Inhalte der verlinkten Seiten ist stets der jeweilige Anbieter oder Betreiber der Seiten verantwortlich. Die verlinkten Seiten wurden zum Zeitpunkt der Verlinkung auf m\u00f6gliche Rechtsverst\u00f6\u00dfe \u00fcberpr\u00fcft. Rechtswidrige Inhalte waren zum Zeitpunkt der Verlinkung nicht erkennbar. Eine permanente inhaltliche Kontrolle der verlinkten Seiten ist jedoch ohne konkrete Anhaltspunkte einer Rechtsverletzung nicht zumutbar. Bei Bekanntwerden von Rechtsverletzungen werden wir derartige Links umgehend entfernen.<\/p>\n<p style=\"color: #444444;\"><strong>Urheberrecht:<\/strong><\/p>\n<p style=\"color: #444444;\">Die durch die Seitenbetreiber erstellten Inhalte und Werke auf diesen Seiten unterliegen dem deutschen Urheberrecht. Die Vervielf\u00e4ltigung, Bearbeitung, Verbreitung und jede Art der Verwertung au\u00dferhalb der Grenzen des Urheberrechtes bed\u00fcrfen der schriftlichen Zustimmung des jeweiligen Autors bzw. Erstellers. Downloads und Kopien dieser Seite sind nur f\u00fcr den privaten, nicht kommerziellen Gebrauch gestattet. Soweit die Inhalte auf dieser Seite nicht vom Betreiber erstellt wurden, werden die Urheberrechte Dritter beachtet. Insbesondere werden Inhalte Dritter als solche gekennzeichnet. Sollten Sie trotzdem auf eine Urheberrechtsverletzung aufmerksam werden, bitten wir um einen entsprechenden Hinweis. Bei Bekanntwerden von Rechtsverletzungen werden wir derartige Inhalte umgehend entfernen.<\/p>\n<p>[\/vc_column_text][vc_empty_space height=&#8220;20px&#8220;][vc_empty_space height=&#8220;20px&#8220;][\/vc_column][vc_column width=&#8220;1\/4&#8243;][\/vc_column][\/vc_row]<\/p>\n<\/div>","protected":false},"excerpt":{"rendered":"<p>[vc_row css=&#8220;.vc_custom_1488274354243{padding-bottom: 55px !important;}&#8220;][vc_column width=&#8220;1\/4&#8243;][\/vc_column][vc_column width=&#8220;1\/2&#8243;][vc_empty_space height=&#8220;20px&#8220;][vc_column_text] IMPRESSUM: Angaben gem. \u00a7 5 TMG Betreiber und Vertretung: BMB SpreeCafe GmbH Anna-Louisa-Karsch-Str. 2, 10178 Berlin info@wolkesiebenberlin.de Gesch\u00e4ftsf\u00fchrung: Mirko Alexander Nikolitsch Handelregisternummer: HRB 110885 B des Amtsgerichts Berlin-Charlottenburg Steuernummer: 37\/037\/47171 Verantwortlicher f\u00fcr journalistisch-redaktionelle Inhalte gem. \u00a7 55 II&#8230;<\/p>\n","protected":false},"author":1,"featured_media":0,"parent":0,"menu_order":0,"comment_status":"closed","ping_status":"closed","template":"full-width.php","meta":{"footnotes":""},"class_list":["post-8917","page","type-page","status-publish","hentry"],"yoast_head":"<!-- This site is optimized with the Yoast SEO plugin v26.6 - https:\/\/yoast.com\/wordpress\/plugins\/seo\/ -->\n<title>Impressum - WolkeSieben<\/title>\n<meta name=\"description\" content=\"Einer Wolke anmutend schwebt unser Panorama-Restaurant hoch oben auf dem Kienberg und bietet unseren G\u00e4sten einen atemberaubenden Blick \u00fcber Berlin.\" \/>\n<meta name=\"robots\" content=\"index, follow, max-snippet:-1, max-image-preview:large, max-video-preview:-1\" \/>\n<link rel=\"canonical\" href=\"https:\/\/www.wolkesiebenberlin.de\/impressum\/\" \/>\n<meta property=\"og:locale\" content=\"de_DE\" \/>\n<meta property=\"og:type\" content=\"article\" \/>\n<meta property=\"og:title\" content=\"Impressum - WolkeSieben\" \/>\n<meta property=\"og:description\" content=\"Einer Wolke anmutend schwebt unser Panorama-Restaurant hoch oben auf dem Kienberg und bietet unseren G\u00e4sten einen atemberaubenden Blick \u00fcber Berlin.\" \/>\n<meta property=\"og:url\" content=\"https:\/\/www.wolkesiebenberlin.de\/impressum\/\" \/>\n<meta property=\"og:site_name\" content=\"WolkeSieben\" \/>\n<meta property=\"article:modified_time\" content=\"2025-03-31T09:25:32+00:00\" \/>\n<meta name=\"twitter:card\" content=\"summary_large_image\" \/>\n<meta name=\"twitter:label1\" content=\"Gesch\u00e4tzte Lesezeit\" \/>\n\t<meta name=\"twitter:data1\" content=\"3\u00a0Minuten\" \/>\n<script type=\"application\/ld+json\" class=\"yoast-schema-graph\">{\"@context\":\"https:\/\/schema.org\",\"@graph\":[{\"@type\":\"WebPage\",\"@id\":\"https:\/\/www.wolkesiebenberlin.de\/impressum\/\",\"url\":\"https:\/\/www.wolkesiebenberlin.de\/impressum\/\",\"name\":\"Impressum - WolkeSieben\",\"isPartOf\":{\"@id\":\"https:\/\/www.wolkesiebenberlin.de\/#website\"},\"datePublished\":\"2017-04-18T14:45:14+00:00\",\"dateModified\":\"2025-03-31T09:25:32+00:00\",\"description\":\"Einer Wolke anmutend schwebt unser Panorama-Restaurant hoch oben auf dem Kienberg und bietet unseren G\u00e4sten einen atemberaubenden Blick \u00fcber Berlin.\",\"breadcrumb\":{\"@id\":\"https:\/\/www.wolkesiebenberlin.de\/impressum\/#breadcrumb\"},\"inLanguage\":\"de\",\"potentialAction\":[{\"@type\":\"ReadAction\",\"target\":[\"https:\/\/www.wolkesiebenberlin.de\/impressum\/\"]}]},{\"@type\":\"BreadcrumbList\",\"@id\":\"https:\/\/www.wolkesiebenberlin.de\/impressum\/#breadcrumb\",\"itemListElement\":[{\"@type\":\"ListItem\",\"position\":1,\"name\":\"Startseite\",\"item\":\"https:\/\/www.wolkesiebenberlin.de\/\"},{\"@type\":\"ListItem\",\"position\":2,\"name\":\"Impressum\"}]},{\"@type\":\"WebSite\",\"@id\":\"https:\/\/www.wolkesiebenberlin.de\/#website\",\"url\":\"https:\/\/www.wolkesiebenberlin.de\/\",\"name\":\"WolkeSieben\",\"description\":\"Panorama Caf\u00e8, Catering und Event\",\"publisher\":{\"@id\":\"https:\/\/www.wolkesiebenberlin.de\/#organization\"},\"potentialAction\":[{\"@type\":\"SearchAction\",\"target\":{\"@type\":\"EntryPoint\",\"urlTemplate\":\"https:\/\/www.wolkesiebenberlin.de\/?s={search_term_string}\"},\"query-input\":{\"@type\":\"PropertyValueSpecification\",\"valueRequired\":true,\"valueName\":\"search_term_string\"}}],\"inLanguage\":\"de\"},{\"@type\":\"Organization\",\"@id\":\"https:\/\/www.wolkesiebenberlin.de\/#organization\",\"name\":\"Wolke Sieben Panorama Caf\u00e9 Berlin\",\"url\":\"https:\/\/www.wolkesiebenberlin.de\/\",\"logo\":{\"@type\":\"ImageObject\",\"inLanguage\":\"de\",\"@id\":\"https:\/\/www.wolkesiebenberlin.de\/#\/schema\/logo\/image\/\",\"url\":\"https:\/\/www.wolkesiebenberlin.de\/wp-content\/uploads\/sites\/22\/2017\/03\/cropped-Wolke7-blauer-hintergrund.png\",\"contentUrl\":\"https:\/\/www.wolkesiebenberlin.de\/wp-content\/uploads\/sites\/22\/2017\/03\/cropped-Wolke7-blauer-hintergrund.png\",\"width\":512,\"height\":512,\"caption\":\"Wolke Sieben Panorama Caf\u00e9 Berlin\"},\"image\":{\"@id\":\"https:\/\/www.wolkesiebenberlin.de\/#\/schema\/logo\/image\/\"}}]}<\/script>\n<!-- \/ Yoast SEO plugin. -->","yoast_head_json":{"title":"Impressum - WolkeSieben","description":"Einer Wolke anmutend schwebt unser Panorama-Restaurant hoch oben auf dem Kienberg und bietet unseren G\u00e4sten einen atemberaubenden Blick \u00fcber Berlin.","robots":{"index":"index","follow":"follow","max-snippet":"max-snippet:-1","max-image-preview":"max-image-preview:large","max-video-preview":"max-video-preview:-1"},"canonical":"https:\/\/www.wolkesiebenberlin.de\/impressum\/","og_locale":"de_DE","og_type":"article","og_title":"Impressum - WolkeSieben","og_description":"Einer Wolke anmutend schwebt unser Panorama-Restaurant hoch oben auf dem Kienberg und bietet unseren G\u00e4sten einen atemberaubenden Blick \u00fcber Berlin.","og_url":"https:\/\/www.wolkesiebenberlin.de\/impressum\/","og_site_name":"WolkeSieben","article_modified_time":"2025-03-31T09:25:32+00:00","twitter_card":"summary_large_image","twitter_misc":{"Gesch\u00e4tzte Lesezeit":"3\u00a0Minuten"},"schema":{"@context":"https:\/\/schema.org","@graph":[{"@type":"WebPage","@id":"https:\/\/www.wolkesiebenberlin.de\/impressum\/","url":"https:\/\/www.wolkesiebenberlin.de\/impressum\/","name":"Impressum - WolkeSieben","isPartOf":{"@id":"https:\/\/www.wolkesiebenberlin.de\/#website"},"datePublished":"2017-04-18T14:45:14+00:00","dateModified":"2025-03-31T09:25:32+00:00","description":"Einer Wolke anmutend schwebt unser Panorama-Restaurant hoch oben auf dem Kienberg und bietet unseren G\u00e4sten einen atemberaubenden Blick \u00fcber Berlin.","breadcrumb":{"@id":"https:\/\/www.wolkesiebenberlin.de\/impressum\/#breadcrumb"},"inLanguage":"de","potentialAction":[{"@type":"ReadAction","target":["https:\/\/www.wolkesiebenberlin.de\/impressum\/"]}]},{"@type":"BreadcrumbList","@id":"https:\/\/www.wolkesiebenberlin.de\/impressum\/#breadcrumb","itemListElement":[{"@type":"ListItem","position":1,"name":"Startseite","item":"https:\/\/www.wolkesiebenberlin.de\/"},{"@type":"ListItem","position":2,"name":"Impressum"}]},{"@type":"WebSite","@id":"https:\/\/www.wolkesiebenberlin.de\/#website","url":"https:\/\/www.wolkesiebenberlin.de\/","name":"WolkeSieben","description":"Panorama Caf\u00e8, Catering und Event","publisher":{"@id":"https:\/\/www.wolkesiebenberlin.de\/#organization"},"potentialAction":[{"@type":"SearchAction","target":{"@type":"EntryPoint","urlTemplate":"https:\/\/www.wolkesiebenberlin.de\/?s={search_term_string}"},"query-input":{"@type":"PropertyValueSpecification","valueRequired":true,"valueName":"search_term_string"}}],"inLanguage":"de"},{"@type":"Organization","@id":"https:\/\/www.wolkesiebenberlin.de\/#organization","name":"Wolke Sieben Panorama Caf\u00e9 Berlin","url":"https:\/\/www.wolkesiebenberlin.de\/","logo":{"@type":"ImageObject","inLanguage":"de","@id":"https:\/\/www.wolkesiebenberlin.de\/#\/schema\/logo\/image\/","url":"https:\/\/www.wolkesiebenberlin.de\/wp-content\/uploads\/sites\/22\/2017\/03\/cropped-Wolke7-blauer-hintergrund.png","contentUrl":"https:\/\/www.wolkesiebenberlin.de\/wp-content\/uploads\/sites\/22\/2017\/03\/cropped-Wolke7-blauer-hintergrund.png","width":512,"height":512,"caption":"Wolke Sieben Panorama Caf\u00e9 Berlin"},"image":{"@id":"https:\/\/www.wolkesiebenberlin.de\/#\/schema\/logo\/image\/"}}]}},"_links":{"self":[{"href":"https:\/\/bmbgruppe.de\/wolkesieben\/wp-json\/wp\/v2\/pages\/8917","targetHints":{"allow":["GET"]}}],"collection":[{"href":"https:\/\/bmbgruppe.de\/wolkesieben\/wp-json\/wp\/v2\/pages"}],"about":[{"href":"https:\/\/bmbgruppe.de\/wolkesieben\/wp-json\/wp\/v2\/types\/page"}],"author":[{"embeddable":true,"href":"https:\/\/bmbgruppe.de\/wolkesieben\/wp-json\/wp\/v2\/users\/1"}],"replies":[{"embeddable":true,"href":"https:\/\/bmbgruppe.de\/wolkesieben\/wp-json\/wp\/v2\/comments?post=8917"}],"version-history":[{"count":0,"href":"https:\/\/bmbgruppe.de\/wolkesieben\/wp-json\/wp\/v2\/pages\/8917\/revisions"}],"wp:attachment":[{"href":"https:\/\/bmbgruppe.de\/wolkesieben\/wp-json\/wp\/v2\/media?parent=8917"}],"curies":[{"name":"wp","href":"https:\/\/api.w.org\/{rel}","templated":true}]}}